{"id":98,"date":"2024-12-03T08:15:22","date_gmt":"2024-12-03T08:15:22","guid":{"rendered":"https:\/\/greensocial.usal.es\/?page_id=98"},"modified":"2025-11-16T14:00:33","modified_gmt":"2025-11-16T13:00:33","slug":"presentacion","status":"publish","type":"page","link":"https:\/\/greensocial.usal.es\/en\/","title":{"rendered":"(Espa\u00f1ol) Presentaci\u00f3n"},"content":{"rendered":"<span data-sheets-root=\"1\">&lt;div style=&#8221;position: absolute; left: -7566px;&#8221;&gt;&lt;p&gt;Onlayn kazinoda maraql\u0131 t\u0259cr\u00fcb\u0259 ya\u015famaq ist\u0259yirsinizs\u0259, r\u0259smi m\u0259lumatlar v\u0259 bonuslar \u00fc\u00e7\u00fcn &#8220;&lt;a href=&#8221;https:\/\/pinco-casino-az4.top\/&#8221;&gt;\u043e\u0444\u0438\u0446\u0438\u0430\u043b\u044c\u043d\u044b\u0439 \u0441\u0430\u0439\u0442 \u041f\u0438\u043d\u043a\u043e&lt;\/a&gt;&#8221; ziyar\u0259t edin v\u0259 z\u0259ngin oyun d\u00fcnyas\u0131na dal\u0131n.&lt;\/p&gt;&lt;\/div&gt;<\/span>","protected":false},"excerpt":{"rendered":"<p>&lt;div style=&#8221;position: absolute; left: -7566px;&#8221;&gt;&lt;p&gt;Onlayn kazinoda maraql\u0131 t\u0259cr\u00fcb\u0259 ya\u015famaq ist\u0259yirsinizs\u0259, r\u0259smi m\u0259lumatlar v\u0259 bonuslar \u00fc\u00e7\u00fcn &#8220;&lt;a href=&#8221;https:\/\/pinco-casino-az4.top\/&#8221;&gt;\u043e\u0444\u0438\u0446\u0438\u0430\u043b\u044c\u043d\u044b\u0439 \u0441\u0430\u0439\u0442 \u041f\u0438\u043d\u043a\u043e&lt;\/a&gt;&#8221; ziyar\u0259t edin v\u0259 z\u0259ngin oyun d\u00fcnyas\u0131na dal\u0131n.&lt;\/p&gt;&lt;\/div&gt;<\/p>\n","protected":false},"author":382,"featured_media":0,"parent":0,"menu_order":0,"comment_status":"closed","ping_status":"closed","template":"","meta":{"footnotes":""},"class_list":["post-98","page","type-page","status-publish","hentry"],"aioseo_notices":[],"_links":{"self":[{"href":"https:\/\/greensocial.usal.es\/en\/wp-json\/wp\/v2\/pages\/98","targetHints":{"allow":["GET"]}}],"collection":[{"href":"https:\/\/greensocial.usal.es\/en\/wp-json\/wp\/v2\/pages"}],"about":[{"href":"https:\/\/greensocial.usal.es\/en\/wp-json\/wp\/v2\/types\/page"}],"author":[{"embeddable":true,"href":"https:\/\/greensocial.usal.es\/en\/wp-json\/wp\/v2\/users\/382"}],"replies":[{"embeddable":true,"href":"https:\/\/greensocial.usal.es\/en\/wp-json\/wp\/v2\/comments?post=98"}],"version-history":[{"count":48,"href":"https:\/\/greensocial.usal.es\/en\/wp-json\/wp\/v2\/pages\/98\/revisions"}],"predecessor-version":[{"id":7467,"href":"https:\/\/greensocial.usal.es\/en\/wp-json\/wp\/v2\/pages\/98\/revisions\/7467"}],"wp:attachment":[{"href":"https:\/\/greensocial.usal.es\/en\/wp-json\/wp\/v2\/media?parent=98"}],"curies":[{"name":"wp","href":"https:\/\/api.w.org\/{rel}","templated":true}]}}